{"id":35,"date":"2017-12-29T23:31:41","date_gmt":"2017-12-29T21:31:41","guid":{"rendered":"https:\/\/eplaningenieurleistungen.wordpress.com\/?page_id=35"},"modified":"2026-03-16T17:00:18","modified_gmt":"2026-03-16T17:00:18","slug":"impressum","status":"publish","type":"page","link":"https:\/\/saumweber.de\/?page_id=35","title":{"rendered":"Impressum"},"content":{"rendered":"\n<p><\/p>\n\n\n\n<p class=\"has-text-align-center\"><strong>e &#8211; plan ingenieurleistungen<\/strong><br>Ingenieurb\u00fcro f\u00fcr elektrische Geb\u00e4udetechnik, IT &#8211; Netzwerke und Sicherheitstechnik<\/p>\n\n\n\n<p class=\"has-text-align-center\"><strong>Peter Saumweber<\/strong><br>Bahnhofstra\u00dfe 3 b<br>87719 Mindelheim im Allg\u00e4u | direkt am Mindelheimer Bhf<\/p>\n\n\n\n<p class=\"has-text-align-center\">Tel.: + 49&nbsp; 8261&nbsp; 76 36 490<br>Mobil: + 49&nbsp; 160&nbsp;&nbsp;&nbsp; 79 73 056<\/p>\n\n\n\n<p class=\"has-text-align-center\">E-Mail: office(at)saumweber.de<\/p>\n\n\n\n<p class=\"has-text-align-center\"><strong>Gesch\u00e4ftsf\u00fchrer<\/strong><br>Peter Saumweber sen.<\/p>\n\n\n\n<p class=\"has-text-align-center\"><strong>Firmeng\u00fcndung<\/strong> 01. August 1992<br><strong>Umsatzsteuer-ID<\/strong> 140 \/ 265 \/ 80154<\/p>\n\n\n\n<div style=\"height:20px\" aria-hidden=\"true\" class=\"wp-block-spacer\"><\/div>\n","protected":false},"excerpt":{"rendered":"<p>e &#8211; plan ingenieurleistungenIngenieurb\u00fcro f\u00fcr elektrische Geb\u00e4udetechnik, IT &#8211; Netzwerke und Sicherheitstechnik Peter SaumweberBahnhofstra\u00dfe 3 b87719 Mindelheim im Allg\u00e4u | direkt am Mindelheimer Bhf Tel.: + 49&nbsp; 8261&nbsp; 76 36 490Mobil: + 49&nbsp; 160&nbsp;&nbsp;&nbsp; 79 73 056 E-Mail: office(at)saumweber.de Gesch\u00e4ftsf\u00fchrerPeter Saumweber sen. Firmeng\u00fcndung 01. August 1992Umsatzsteuer-ID 140 \/ 265 \/ 80154<\/p>\n","protected":false},"author":1,"featured_media":278,"parent":0,"menu_order":6,"comment_status":"closed","ping_status":"closed","template":"","meta":{"pgc_sgb_lightbox_settings":"","inspiro_hide_title":false,"footnotes":""},"class_list":["post-35","page","type-page","status-publish","has-post-thumbnail","hentry"],"_links":{"self":[{"href":"https:\/\/saumweber.de\/index.php?rest_route=\/wp\/v2\/pages\/35","targetHints":{"allow":["GET"]}}],"collection":[{"href":"https:\/\/saumweber.de\/index.php?rest_route=\/wp\/v2\/pages"}],"about":[{"href":"https:\/\/saumweber.de\/index.php?rest_route=\/wp\/v2\/types\/page"}],"author":[{"embeddable":true,"href":"https:\/\/saumweber.de\/index.php?rest_route=\/wp\/v2\/users\/1"}],"replies":[{"embeddable":true,"href":"https:\/\/saumweber.de\/index.php?rest_route=%2Fwp%2Fv2%2Fcomments&post=35"}],"version-history":[{"count":12,"href":"https:\/\/saumweber.de\/index.php?rest_route=\/wp\/v2\/pages\/35\/revisions"}],"predecessor-version":[{"id":739,"href":"https:\/\/saumweber.de\/index.php?rest_route=\/wp\/v2\/pages\/35\/revisions\/739"}],"wp:featuredmedia":[{"embeddable":true,"href":"https:\/\/saumweber.de\/index.php?rest_route=\/wp\/v2\/media\/278"}],"wp:attachment":[{"href":"https:\/\/saumweber.de\/index.php?rest_route=%2Fwp%2Fv2%2Fmedia&parent=35"}],"curies":[{"name":"wp","href":"https:\/\/api.w.org\/{rel}","templated":true}]}}