{"id":471,"date":"2023-12-18T11:28:21","date_gmt":"2023-12-18T11:28:21","guid":{"rendered":"http:\/\/saumweber.de\/?page_id=471"},"modified":"2023-12-25T23:09:10","modified_gmt":"2023-12-25T23:09:10","slug":"haftungsausschluss","status":"publish","type":"page","link":"https:\/\/saumweber.de\/?page_id=471","title":{"rendered":"Haftungsausschluss"},"content":{"rendered":"\n<p class=\"has-text-align-center\"><strong>Inhalt des Online-Angebots<\/strong><br>Das Ingenieurb\u00fcro e-plan ingenieurleistungen Peter Saumweber ist stets bem\u00fcht, qualitativ hochwertige Informationen zur Verf\u00fcgung zu stellen. Dennoch \u00fcbernehmen wir keinerlei Gew\u00e4hr f\u00fcr die Aktualit\u00e4t, Korrektheit, Vollst\u00e4ndigkeit, Qualit\u00e4t oder Verf\u00fcgbarkeit der bereitgestellten Informationen.<\/p>\n\n\n\n<p class=\"has-text-align-center\">Haftungsanspr\u00fcche gegen die Betreiber der Website, die sich auf Sch\u00e4den materieller oder ideeller Art beziehen, welche durch die Nutzung oder Nichtnutzung der dargebotenen Informationen bzw. durch die Nutzung fehlerhafter und unvollst\u00e4ndiger Informationen verursacht wurden sind grunds\u00e4tzlich ausgeschlossen, sofern seitens der Betreiber kein nachweislich vors\u00e4tzliches oder grob fahrl\u00e4ssiges Verschulden vorliegt. Alle Angebote sind freibleibend und unverbindlich.<\/p>\n\n\n\n<p class=\"has-text-align-center\">Wir behalten es uns ausdr\u00fccklich vor, Teile der Seiten oder das gesamte Angebot ohne gesonderte Ank\u00fcndigung zu ver\u00e4ndern, zu erg\u00e4nzen, zu l\u00f6schen oder die Ver\u00f6ffentlichung zeitweise oder endg\u00fcltig einzustellen.<\/p>\n\n\n\n<p><\/p>\n\n\n\n<p class=\"has-text-align-center\"><strong>Verweise und Links<\/strong><br>Sofern auf Verweisziele direkt oder indirekt durch Links verwiesen wird, die au\u00dferhalb des Verantwortungsbereichs der Betreiber liegen, haftet dieser nur dann, wenn er von den Inhalten Kenntnis hatte und es technisch m\u00f6glich und zumutbar w\u00e4re, die Nutzung im Falle rechtswidriger Inhalte zu verhindern.<\/p>\n\n\n\n<p class=\"has-text-align-center\">Wir erkl\u00e4ren hiermit ausdr\u00fccklich, dass zum Zeitpunkt der Linksetzung keine illegalen Inhalte auf den zu verlinkenden Seiten erkennbar waren. Auf die aktuelle und zuk\u00fcnftige Gestaltung, die Inhalte oder die Urheberschaft der verlinkten\/verkn\u00fcpften Seiten hat der Autor keinerlei Einfluss.<\/p>\n\n\n\n<p class=\"has-text-align-center\">F\u00fcr dar\u00fcber hinausgehende Inhalte und insbesondere f\u00fcr Sch\u00e4den, die aus der Nutzung oder Nichtnutzung solcherart dargebotener Informationen entstehen, haftet allein der Anbieter dieser Seiten, nicht derjenige, der \u00fcber Links auf die jeweilige Ver\u00f6ffentlichung verweist. Diese Einschr\u00e4nkung gilt gleicherma\u00dfen auch f\u00fcr Fremdeintr\u00e4ge in G\u00e4steb\u00fcchern und Foren.<\/p>\n\n\n\n<p class=\"has-text-align-center\">Wir verwenden Links nur, um unseren Besuchern die M\u00f6glichkeit zu geben, sich weitere Informationen zu beschaffen. Ein Link bedeutet jedoch nicht, dass wir die entsprechenden fremden Seiten empfehlen oder dass wir uns die Inhalte zu eigen machen.<\/p>\n\n\n\n<p><\/p>\n\n\n\n<p class=\"has-text-align-center\"><strong>Rechtswirksamkeit des Haftungsausschlusses<\/strong><br>Dieser Haftungsausschluss ist Teil unseres Internetangebots, von dem auf diesen verwiesen wurde. Falls Teile oder Formulierungen des Texts nicht, nicht mehr oder nicht vollst\u00e4ndig der geltenden Rechtslage entsprechen sollten, bleiben die \u00fcbrigen Teile des Dokumentes in ihrem Inhalt und ihrer G\u00fcltigkeit davon unber\u00fchrt<\/p>\n\n\n\n<div style=\"height:20px\" aria-hidden=\"true\" class=\"wp-block-spacer\"><\/div>\n\n\n\n<div style=\"height:20px\" aria-hidden=\"true\" class=\"wp-block-spacer\"><\/div>\n","protected":false},"excerpt":{"rendered":"<p>Inhalt des Online-AngebotsDas Ingenieurb\u00fcro e-plan ingenieurleistungen Peter Saumweber ist stets bem\u00fcht, qualitativ hochwertige Informationen zur Verf\u00fcgung zu stellen. Dennoch \u00fcbernehmen wir keinerlei Gew\u00e4hr f\u00fcr die Aktualit\u00e4t, Korrektheit, Vollst\u00e4ndigkeit, Qualit\u00e4t oder Verf\u00fcgbarkeit der bereitgestellten Informationen. Haftungsanspr\u00fcche gegen die Betreiber der Website, die sich auf Sch\u00e4den materieller oder ideeller Art beziehen, welche durch die Nutzung oder Nichtnutzung &hellip; <\/p>\n<p class=\"link-more\"><a href=\"https:\/\/saumweber.de\/?page_id=471\" class=\"more-link\">Mehr <span class=\"screen-reader-text\">\u00fcber &#8222;Haftungsausschluss&#8220; <\/span>Lesen<\/a><\/p>\n","protected":false},"author":1,"featured_media":0,"parent":0,"menu_order":0,"comment_status":"closed","ping_status":"closed","template":"","meta":{"pgc_sgb_lightbox_settings":"","inspiro_hide_title":false,"footnotes":""},"class_list":["post-471","page","type-page","status-publish","hentry"],"_links":{"self":[{"href":"https:\/\/saumweber.de\/index.php?rest_route=\/wp\/v2\/pages\/471","targetHints":{"allow":["GET"]}}],"collection":[{"href":"https:\/\/saumweber.de\/index.php?rest_route=\/wp\/v2\/pages"}],"about":[{"href":"https:\/\/saumweber.de\/index.php?rest_route=\/wp\/v2\/types\/page"}],"author":[{"embeddable":true,"href":"https:\/\/saumweber.de\/index.php?rest_route=\/wp\/v2\/users\/1"}],"replies":[{"embeddable":true,"href":"https:\/\/saumweber.de\/index.php?rest_route=%2Fwp%2Fv2%2Fcomments&post=471"}],"version-history":[{"count":6,"href":"https:\/\/saumweber.de\/index.php?rest_route=\/wp\/v2\/pages\/471\/revisions"}],"predecessor-version":[{"id":740,"href":"https:\/\/saumweber.de\/index.php?rest_route=\/wp\/v2\/pages\/471\/revisions\/740"}],"wp:attachment":[{"href":"https:\/\/saumweber.de\/index.php?rest_route=%2Fwp%2Fv2%2Fmedia&parent=471"}],"curies":[{"name":"wp","href":"https:\/\/api.w.org\/{rel}","templated":true}]}}