{"id":622,"date":"2023-12-18T15:22:33","date_gmt":"2023-12-18T15:22:33","guid":{"rendered":"http:\/\/saumweber.de\/?page_id=622"},"modified":"2024-10-28T19:33:50","modified_gmt":"2024-10-28T19:33:50","slug":"aesthetik-durch-modernste-lichttechnik","status":"publish","type":"page","link":"https:\/\/saumweber.de\/?page_id=622","title":{"rendered":"\u00c4sthetik durch modernste Lichttechnik"},"content":{"rendered":"\n<h2 class=\"wp-block-heading has-text-align-center\">Beleuchtung (In-\/Outdoor)<\/h2>\n\n\n\n<p class=\"has-text-align-center\">In der heutigen Zeit ist die \u00c4sthetik durch modernste Lichttechnik nicht nur ein funktionales, sondern auch ein k\u00fcnstlerisches Element in der Gestaltung von R\u00e4umlichkeiten und Au\u00dfenbereichen. Durch den gezielten Einsatz innovativer Beleuchtungsl\u00f6sungen, sowohl im Innen- als auch im Au\u00dfenbereich, k\u00f6nnen R\u00e4ume und Fassaden wirkungsvoll in Szene gesetzt werden. Hierbei spielt die Auswahl und Platzierung der Lichtquellen eine entscheidende Rolle, um das gew\u00fcnschte Ambiente zu schaffen.<\/p>\n\n\n\n<div style=\"height:20px\" aria-hidden=\"true\" class=\"wp-block-spacer\"><\/div>\n\n\n\n<h2 class=\"wp-block-heading has-text-align-center\">Sicherheitsbeleuchtung<\/h2>\n\n\n\n<p class=\"has-text-align-center\">Die Sicherheitsbeleuchtung ist ein weiterer wesentlicher Aspekt moderner Beleuchtungskonzepte. Sie gew\u00e4hrleistet nicht nur die Einhaltung gesetzlicher Vorschriften, sondern sorgt auch f\u00fcr ein sicheres Umfeld in Notfallsituationen. Durch die Integration von \u00e4sthetisch ansprechenden und zugleich funktionalen Sicherheitsleuchten wird ein harmonisches Gesamtbild erzeugt, ohne dabei die Sicherheitsaspekte zu vernachl\u00e4ssigen.<\/p>\n\n\n\n<div style=\"height:20px\" aria-hidden=\"true\" class=\"wp-block-spacer\"><\/div>\n\n\n\n<h2 class=\"wp-block-heading has-text-align-center\">Flutlichtanlagen f\u00fcr Sportst\u00e4tten<\/h2>\n\n\n\n<p class=\"has-text-align-center\">Flutlichtanlagen spielen besonders in der Au\u00dfenbeleuchtung eine wichtige Rolle. Sie bieten nicht nur die M\u00f6glichkeit, gro\u00dfe Fl\u00e4chen effizient und gleichm\u00e4\u00dfig auszuleuchten, sondern tragen auch zur Sicherheit und zum Komfort bei n\u00e4chtlichen Aktivit\u00e4ten bei. Die technologische Entwicklung erm\u00f6glicht es heutzutage, Flutlichtanlagen so zu gestalten, dass sie sich nahtlos in das architektonische Konzept eines Geb\u00e4udes oder einer Anlage einf\u00fcgen.<\/p>\n\n\n\n<div style=\"height:20px\" aria-hidden=\"true\" class=\"wp-block-spacer\"><\/div>\n\n\n\n<h2 class=\"wp-block-heading has-text-align-center\">Lichtarchitektur \/ -steuerung<\/h2>\n\n\n\n<p class=\"has-text-align-center\">Die Lichtarchitektur und -steuerung sind zentrale Elemente der modernen Lichtgestaltung. Durch den Einsatz von fortschrittlichen Steuerungssystemen l\u00e4sst sich das Licht dynamisch anpassen, was die Schaffung einzigartiger, atmosph\u00e4rischer R\u00e4ume erm\u00f6glicht. Die Integration von intelligenten Lichtsteuerungssystemen erlaubt es, Beleuchtungsszenarien einfach zu programmieren und zu ver\u00e4ndern, wodurch sich Lichtsituationen je nach Bedarf oder Stimmung variieren lassen.<\/p>\n\n\n\n<div style=\"height:20px\" aria-hidden=\"true\" class=\"wp-block-spacer\"><\/div>\n\n\n\n<h2 class=\"wp-block-heading has-text-align-center\">\u00c4sthetik  durch modernste Lichttechnik<\/h2>\n\n\n\n<p class=\"has-text-align-center\">Zusammenfassend l\u00e4sst sich sagen, dass die moderne Lichttechnik weit mehr ist als nur eine Quelle der Beleuchtung. Sie ist ein essenzieller Bestandteil der architektonischen Gestaltung, der nicht nur funktionale, sondern auch \u00e4sthetische und emotionale Aspekte ber\u00fccksichtigt. Die richtige Planung und Umsetzung dieser Elemente tr\u00e4gt ma\u00dfgeblich dazu bei, Geb\u00e4ude und R\u00e4ume nicht nur zu beleuchten, sondern sie zu beleben und in einzigartiger Weise zu pr\u00e4sentieren.<\/p>\n\n\n\n<div style=\"height:20px\" aria-hidden=\"true\" class=\"wp-block-spacer\"><\/div>\n\n\n\n<div style=\"height:20px\" aria-hidden=\"true\" class=\"wp-block-spacer\"><\/div>\n","protected":false},"excerpt":{"rendered":"<p>Beleuchtung (In-\/Outdoor) In der heutigen Zeit ist die \u00c4sthetik durch modernste Lichttechnik nicht nur ein funktionales, sondern auch ein k\u00fcnstlerisches Element in der Gestaltung von R\u00e4umlichkeiten und Au\u00dfenbereichen. Durch den gezielten Einsatz innovativer Beleuchtungsl\u00f6sungen, sowohl im Innen- als auch im Au\u00dfenbereich, k\u00f6nnen R\u00e4ume und Fassaden wirkungsvoll in Szene gesetzt werden. Hierbei spielt die Auswahl und &hellip; <\/p>\n<p class=\"link-more\"><a href=\"https:\/\/saumweber.de\/?page_id=622\" class=\"more-link\">Mehr <span class=\"screen-reader-text\">\u00fcber &#8222;\u00c4sthetik durch modernste Lichttechnik&#8220; <\/span>Lesen<\/a><\/p>\n","protected":false},"author":1,"featured_media":765,"parent":3,"menu_order":0,"comment_status":"closed","ping_status":"closed","template":"","meta":{"pgc_sgb_lightbox_settings":"","inspiro_hide_title":false,"footnotes":""},"class_list":["post-622","page","type-page","status-publish","has-post-thumbnail","hentry"],"_links":{"self":[{"href":"https:\/\/saumweber.de\/index.php?rest_route=\/wp\/v2\/pages\/622","targetHints":{"allow":["GET"]}}],"collection":[{"href":"https:\/\/saumweber.de\/index.php?rest_route=\/wp\/v2\/pages"}],"about":[{"href":"https:\/\/saumweber.de\/index.php?rest_route=\/wp\/v2\/types\/page"}],"author":[{"embeddable":true,"href":"https:\/\/saumweber.de\/index.php?rest_route=\/wp\/v2\/users\/1"}],"replies":[{"embeddable":true,"href":"https:\/\/saumweber.de\/index.php?rest_route=%2Fwp%2Fv2%2Fcomments&post=622"}],"version-history":[{"count":8,"href":"https:\/\/saumweber.de\/index.php?rest_route=\/wp\/v2\/pages\/622\/revisions"}],"predecessor-version":[{"id":800,"href":"https:\/\/saumweber.de\/index.php?rest_route=\/wp\/v2\/pages\/622\/revisions\/800"}],"up":[{"embeddable":true,"href":"https:\/\/saumweber.de\/index.php?rest_route=\/wp\/v2\/pages\/3"}],"wp:featuredmedia":[{"embeddable":true,"href":"https:\/\/saumweber.de\/index.php?rest_route=\/wp\/v2\/media\/765"}],"wp:attachment":[{"href":"https:\/\/saumweber.de\/index.php?rest_route=%2Fwp%2Fv2%2Fmedia&parent=622"}],"curies":[{"name":"wp","href":"https:\/\/api.w.org\/{rel}","templated":true}]}}