{"id":632,"date":"2023-12-18T15:24:37","date_gmt":"2023-12-18T15:24:37","guid":{"rendered":"http:\/\/saumweber.de\/?page_id=632"},"modified":"2024-10-28T18:22:28","modified_gmt":"2024-10-28T18:22:28","slug":"basisversorgung-durch-konsequente-energietechnik","status":"publish","type":"page","link":"https:\/\/saumweber.de\/?page_id=632","title":{"rendered":"Basisversorgung durch konsequente Energietechnik"},"content":{"rendered":"\n<h2 class=\"wp-block-heading has-text-align-center\">Mittelspannungsschaltanlagen<\/h2>\n\n\n\n<p class=\"has-text-align-center\">Im Zentrum unserer T\u00e4tigkeit steht die Gew\u00e4hrleistung einer zuverl\u00e4ssigen Basisversorgung durch ausgefeilte und konsequent angewandte Energietechnik. Unser Fokus liegt dabei auf der Implementierung und Wartung von Mittelspannungsschaltanlagen, die als kritische Schnittstelle in der Energieversorgung fungieren. Diese Anlagen sind essenziell f\u00fcr die Distribution und Kontrolle von Elektrizit\u00e4t in Geb\u00e4uden und industriellen Einrichtungen.<\/p>\n\n\n\n<div style=\"height:20px\" aria-hidden=\"true\" class=\"wp-block-spacer\"><\/div>\n\n\n\n<h2 class=\"wp-block-heading has-text-align-center\">Trafostationen<\/h2>\n\n\n\n<p class=\"has-text-align-center\">Des Weiteren sind wir Experten im Bereich der Trafostationen. Diese Einrichtungen sind unverzichtbar f\u00fcr die Anpassung von Spannungsniveaus, um einen sicheren und effizienten Betrieb elektrischer Ger\u00e4te zu erm\u00f6glichen. Unsere L\u00f6sungen in diesem Bereich zeichnen sich durch h\u00f6chste Qualit\u00e4t und Zuverl\u00e4ssigkeit aus, um den stetig wachsenden Anforderungen an die elektrische Infrastruktur gerecht zu werden.<\/p>\n\n\n\n<div style=\"height:20px\" aria-hidden=\"true\" class=\"wp-block-spacer\"><\/div>\n\n\n\n<h2 class=\"wp-block-heading has-text-align-center\">Netzersatzanlagen<\/h2>\n\n\n\n<p class=\"has-text-align-center\">Ein weiterer wesentlicher Bestandteil unseres Portfolios sind Netzersatzanlagen. Diese Systeme bieten eine unverzichtbare Backup-L\u00f6sung, um bei Ausf\u00e4llen des Hauptstromnetzes eine kontinuierliche Energieversorgung sicherzustellen. Wir verstehen die Bedeutung einer ununterbrochenen Stromversorgung, insbesondere in kritischen Infrastrukturen und gew\u00e4hrleisten durch unsere Netzersatzanlagen h\u00f6chste Betriebssicherheit und Zuverl\u00e4ssigkeit.<\/p>\n\n\n\n<div style=\"height:20px\" aria-hidden=\"true\" class=\"wp-block-spacer\"><\/div>\n\n\n\n<p class=\"has-text-align-center\">Unser Ansatz kombiniert fortschrittliche technische L\u00f6sungen mit einer tiefgreifenden Kenntnis der elektrischen Geb\u00e4udetechnik, um ma\u00dfgeschneiderte und effiziente Systeme zu entwerfen, die den individuellen Bed\u00fcrfnissen unserer Kunden entsprechen.<\/p>\n\n\n\n<div style=\"height:20px\" aria-hidden=\"true\" class=\"wp-block-spacer\"><\/div>\n","protected":false},"excerpt":{"rendered":"<p>Mittelspannungsschaltanlagen Im Zentrum unserer T\u00e4tigkeit steht die Gew\u00e4hrleistung einer zuverl\u00e4ssigen Basisversorgung durch ausgefeilte und konsequent angewandte Energietechnik. Unser Fokus liegt dabei auf der Implementierung und Wartung von Mittelspannungsschaltanlagen, die als kritische Schnittstelle in der Energieversorgung fungieren. Diese Anlagen sind essenziell f\u00fcr die Distribution und Kontrolle von Elektrizit\u00e4t in Geb\u00e4uden und industriellen Einrichtungen. Trafostationen Des Weiteren &hellip; <\/p>\n<p class=\"link-more\"><a href=\"https:\/\/saumweber.de\/?page_id=632\" class=\"more-link\">Mehr <span class=\"screen-reader-text\">\u00fcber &#8222;Basisversorgung durch konsequente Energietechnik&#8220; <\/span>Lesen<\/a><\/p>\n","protected":false},"author":1,"featured_media":766,"parent":3,"menu_order":0,"comment_status":"closed","ping_status":"closed","template":"","meta":{"pgc_sgb_lightbox_settings":"","inspiro_hide_title":false,"footnotes":""},"class_list":["post-632","page","type-page","status-publish","has-post-thumbnail","hentry"],"_links":{"self":[{"href":"https:\/\/saumweber.de\/index.php?rest_route=\/wp\/v2\/pages\/632","targetHints":{"allow":["GET"]}}],"collection":[{"href":"https:\/\/saumweber.de\/index.php?rest_route=\/wp\/v2\/pages"}],"about":[{"href":"https:\/\/saumweber.de\/index.php?rest_route=\/wp\/v2\/types\/page"}],"author":[{"embeddable":true,"href":"https:\/\/saumweber.de\/index.php?rest_route=\/wp\/v2\/users\/1"}],"replies":[{"embeddable":true,"href":"https:\/\/saumweber.de\/index.php?rest_route=%2Fwp%2Fv2%2Fcomments&post=632"}],"version-history":[{"count":6,"href":"https:\/\/saumweber.de\/index.php?rest_route=\/wp\/v2\/pages\/632\/revisions"}],"predecessor-version":[{"id":727,"href":"https:\/\/saumweber.de\/index.php?rest_route=\/wp\/v2\/pages\/632\/revisions\/727"}],"up":[{"embeddable":true,"href":"https:\/\/saumweber.de\/index.php?rest_route=\/wp\/v2\/pages\/3"}],"wp:featuredmedia":[{"embeddable":true,"href":"https:\/\/saumweber.de\/index.php?rest_route=\/wp\/v2\/media\/766"}],"wp:attachment":[{"href":"https:\/\/saumweber.de\/index.php?rest_route=%2Fwp%2Fv2%2Fmedia&parent=632"}],"curies":[{"name":"wp","href":"https:\/\/api.w.org\/{rel}","templated":true}]}}