{"id":635,"date":"2023-12-18T15:26:20","date_gmt":"2023-12-18T15:26:20","guid":{"rendered":"http:\/\/saumweber.de\/?page_id=635"},"modified":"2024-10-28T18:22:47","modified_gmt":"2024-10-28T18:22:47","slug":"gewissheit-durch-renommierte-sicherheitstechnik","status":"publish","type":"page","link":"https:\/\/saumweber.de\/?page_id=635","title":{"rendered":"Gewissheit durch renommierte Sicherheitstechnik"},"content":{"rendered":"\n<p class=\"has-text-align-center\">Die Sicherheitstechnik spielt eine zentrale Rolle in der Realisierung moderner, sicherer und funktionaler Geb\u00e4ude. Im Fokus stehen hierbei Systeme, die nicht nur effizient, sondern auch zuverl\u00e4ssig und benutzerfreundlich sind. Renommierte Sicherheitstechnik bildet das Fundament f\u00fcr ein sicheres und gesch\u00fctztes Umfeld, das den Anforderungen der heutigen Zeit entspricht.<\/p>\n\n\n\n<div style=\"height:20px\" aria-hidden=\"true\" class=\"wp-block-spacer\"><\/div>\n\n\n\n<h2 class=\"wp-block-heading has-text-align-center\">Brandmelde- \/ Einbruchmeldeanlagen<\/h2>\n\n\n\n<p class=\"has-text-align-center\">Zu den wesentlichen Elementen dieser Technik geh\u00f6ren Brandmeldeanlagen, die im Notfall rasch und pr\u00e4zise reagieren, um Sch\u00e4den zu minimieren und Leben zu sch\u00fctzen. Einbruchmeldeanlagen stellen ein weiteres wichtiges Sicherheitselement dar, indem sie unautorisierten Zutritt erkennen und umgehend Alarm schlagen. Diese Systeme sind essentiell f\u00fcr den Schutz von Eigentum und Personen.<\/p>\n\n\n\n<div style=\"height:20px\" aria-hidden=\"true\" class=\"wp-block-spacer\"><\/div>\n\n\n\n<h2 class=\"wp-block-heading has-text-align-center\">Personenrufanlagen<\/h2>\n\n\n\n<p class=\"has-text-align-center\">Lichtrufanlagen bieten eine zuverl\u00e4ssige und diskrete M\u00f6glichkeit, in Pflegeeinrichtungen und Krankenh\u00e4usern Hilfe anzufordern. Sie sind ein unverzichtbarer Bestandteil der modernen Pflegetechnik. Ebenso wichtig sind Personenrufanlagen, die in verschiedenen Umgebungen eingesetzt werden k\u00f6nnen, um im Notfall schnell Hilfe zu leisten oder Informationen zu \u00fcbermitteln.<\/p>\n\n\n\n<div style=\"height:20px\" aria-hidden=\"true\" class=\"wp-block-spacer\"><\/div>\n\n\n\n<h2 class=\"wp-block-heading has-text-align-center\">St\u00f6rmelde- \/ Signalanlagen<\/h2>\n\n\n\n<p class=\"has-text-align-center\">St\u00f6rmeldeanlagen sind unerl\u00e4sslich, um technische Unregelm\u00e4\u00dfigkeiten und Fehler in Geb\u00e4ude- und Produktionssystemen fr\u00fchzeitig zu erkennen und zu melden. Sie tragen ma\u00dfgeblich dazu bei, Ausfallzeiten zu minimieren und die Effizienz zu steigern. Schlie\u00dflich runden Signalanlagen das Portfolio ab. Sie spielen eine zentrale Rolle in der Kommunikation von Warnungen und Informationen, sei es in industriellen, kommerziellen oder \u00f6ffentlichen Bereichen.<\/p>\n\n\n\n<div style=\"height:20px\" aria-hidden=\"true\" class=\"wp-block-spacer\"><\/div>\n\n\n\n<p class=\"has-text-align-center\">Insgesamt bietet die Integration dieser renommierten Sicherheitstechnik in die Planung von elektrischen Geb\u00e4udetechniken nicht nur eine Gew\u00e4hrleistung von Sicherheit und Effizienz, sondern auch einen Mehrwert, der sich in einem erh\u00f6hten Vertrauen der Nutzer und einer gesteigerten Funktionalit\u00e4t der Geb\u00e4ude niederschl\u00e4gt.<\/p>\n\n\n\n<div style=\"height:20px\" aria-hidden=\"true\" class=\"wp-block-spacer\"><\/div>\n","protected":false},"excerpt":{"rendered":"<p>Die Sicherheitstechnik spielt eine zentrale Rolle in der Realisierung moderner, sicherer und funktionaler Geb\u00e4ude. Im Fokus stehen hierbei Systeme, die nicht nur effizient, sondern auch zuverl\u00e4ssig und benutzerfreundlich sind. Renommierte Sicherheitstechnik bildet das Fundament f\u00fcr ein sicheres und gesch\u00fctztes Umfeld, das den Anforderungen der heutigen Zeit entspricht. Brandmelde- \/ Einbruchmeldeanlagen Zu den wesentlichen Elementen dieser &hellip; <\/p>\n<p class=\"link-more\"><a href=\"https:\/\/saumweber.de\/?page_id=635\" class=\"more-link\">Mehr <span class=\"screen-reader-text\">\u00fcber &#8222;Gewissheit durch renommierte Sicherheitstechnik&#8220; <\/span>Lesen<\/a><\/p>\n","protected":false},"author":1,"featured_media":768,"parent":3,"menu_order":0,"comment_status":"closed","ping_status":"closed","template":"","meta":{"pgc_sgb_lightbox_settings":"","inspiro_hide_title":false,"footnotes":""},"class_list":["post-635","page","type-page","status-publish","has-post-thumbnail","hentry"],"_links":{"self":[{"href":"https:\/\/saumweber.de\/index.php?rest_route=\/wp\/v2\/pages\/635","targetHints":{"allow":["GET"]}}],"collection":[{"href":"https:\/\/saumweber.de\/index.php?rest_route=\/wp\/v2\/pages"}],"about":[{"href":"https:\/\/saumweber.de\/index.php?rest_route=\/wp\/v2\/types\/page"}],"author":[{"embeddable":true,"href":"https:\/\/saumweber.de\/index.php?rest_route=\/wp\/v2\/users\/1"}],"replies":[{"embeddable":true,"href":"https:\/\/saumweber.de\/index.php?rest_route=%2Fwp%2Fv2%2Fcomments&post=635"}],"version-history":[{"count":6,"href":"https:\/\/saumweber.de\/index.php?rest_route=\/wp\/v2\/pages\/635\/revisions"}],"predecessor-version":[{"id":730,"href":"https:\/\/saumweber.de\/index.php?rest_route=\/wp\/v2\/pages\/635\/revisions\/730"}],"up":[{"embeddable":true,"href":"https:\/\/saumweber.de\/index.php?rest_route=\/wp\/v2\/pages\/3"}],"wp:featuredmedia":[{"embeddable":true,"href":"https:\/\/saumweber.de\/index.php?rest_route=\/wp\/v2\/media\/768"}],"wp:attachment":[{"href":"https:\/\/saumweber.de\/index.php?rest_route=%2Fwp%2Fv2%2Fmedia&parent=635"}],"curies":[{"name":"wp","href":"https:\/\/api.w.org\/{rel}","templated":true}]}}